{"id":3379,"date":"2014-11-25T10:13:20","date_gmt":"2014-11-25T10:13:20","guid":{"rendered":"http:\/\/demo.wpglow.com\/sites\/newdemosite\/?page_id=127"},"modified":"2019-03-08T10:35:00","modified_gmt":"2019-03-08T15:35:00","slug":"blog","status":"publish","type":"page","link":"http:\/\/www.servervoip.com\/blog\/","title":{"rendered":"VoIP :-) Todo sobre Telefonia IP, VoIP, softswitch, voz ip"},"content":{"rendered":"<div  id=\"cbb-row-no-1\" class=\"jsn-bootstrap3 cbb-row-wrapper st-row-width-boxed\">\n<div  style=\"background: none;\" id=\"elm_5c828ba478abe\" class=\"row\">\n<div  class=\"clearfix row-inner\">\n<div  style=\"background: none;\" id=\"elm_5c828ba478a62\" class=\"col col-md-12 col-sm-12 col-xs-12\">\n<div  class=\"col-inner\">\n<div  id='elm_5c828ba47697f' class='jsn-bootstrap3 st-element-container clearfix st-element-text' ><div class=\"st_text\" id=\"9iAC6x\"><p><\/p>\n<h2 style=\"text-align: center;\">Todo sobre Telefonia IP: Aprenda sobre Voip con los mejores video tutoriales para que descubra el campo de telefonia IP como su oportunidad de negocio.<\/h2>\n<p>\n<\/div><\/div><style id=\"style-elm_5c828ba47697f\">#elm_5c828ba47697f  { margin-top: 0px;margin-bottom: 0px;padding-top: 0px;padding-right: 0px;padding-bottom: 0px;padding-left: 0px;}<\/style><div  data-scroll-reveal=\"enter bottom and move 150px over 0.6s\" ><div  id='elm_5c828ba477752' class='jsn-bootstrap3 st-element-container clearfix st-element-blog' ><div id=\"elm_69f1c6c3ae86e\" class=\"cbb-blog-instance\" data-layout_mode=\"masonry\"><ul id=\"cbb-blog-elm_69f1c6c3ae86e\" class=\"cbb-blog cbb-blog-layout-masonry row image cbb-blog-has-title cbb-blog-has-author cbb-blog-has-date cbb-blog-has-excerpt cbb-blog-has- \"><li class=\"isotope-blog-item col-md-4 col-sm-6 col-xs-12\"><div class=\"cbb-blog-item\"><div class=\"cbb-blog-item-inner cbb-blog-item-no-image\"><h3 class=\"cbb-blog-title\"><a href=\"http:\/\/www.servervoip.com\/blog\/beneficios-de-voip-para-los-usuarios-finales\/\">Beneficios de VoIP para los usuarios finales<\/a><\/h3><p class=\"byline vcard\">by <span class=\"author\"><a href=\"http:\/\/www.servervoip.com\/blog\/author\/frank\/\" title=\"Entradas de Franklin Matango\" rel=\"author\">Franklin Matango<\/a><\/span> - <time class=\"updated\" datetime=\"2016-09-15T15:25:18-05:00\">15 septiembre, 2016<\/time><\/span><div class=\"cbb-blog-text\">La tecnolog\u00eda de la telefon\u00eda IP, adem\u00e1s de ofrecer a los usuarios finales la perspectiva de la telefon\u00eda con un costo m\u00e1s bajo, facilita la <a href=\"http:\/\/www.servervoip.com\/blog\/beneficios-de-voip-para-los-usuarios-finales\/\">[...]<\/a><\/div><\/div><\/div><\/li><li class=\"isotope-blog-item col-md-4 col-sm-6 col-xs-12\"><div class=\"cbb-blog-item\"><div class=\"cbb-blog-item-inner cbb-blog-item-no-image\"><h3 class=\"cbb-blog-title\"><a href=\"http:\/\/www.servervoip.com\/blog\/parqueo-de-llamadas-en-voz-sobre-ip\/\">Parqueo de llamadas  en voz sobre ip<\/a><\/h3><p class=\"byline vcard\">by <span class=\"author\"><a href=\"http:\/\/www.servervoip.com\/blog\/author\/frank\/\" title=\"Entradas de Franklin Matango\" rel=\"author\">Franklin Matango<\/a><\/span> - <time class=\"updated\" datetime=\"2016-08-16T08:49:47-05:00\">16 agosto, 2016<\/time><\/span><div class=\"cbb-blog-text\">El parqueo de llamadas permite al usuario que recibe una llamada, enviar su llamada a un cuarto de parqueo, para volver a atenderla desde otra <a href=\"http:\/\/www.servervoip.com\/blog\/parqueo-de-llamadas-en-voz-sobre-ip\/\">[...]<\/a><\/div><\/div><\/div><\/li><li class=\"isotope-blog-item col-md-4 col-sm-6 col-xs-12\"><div class=\"cbb-blog-item\"><div class=\"cbb-blog-item-inner cbb-blog-item-no-image\"><h3 class=\"cbb-blog-title\"><a href=\"http:\/\/www.servervoip.com\/blog\/funciones-sip\/\">Funciones Sip<\/a><\/h3><p class=\"byline vcard\">by <span class=\"author\"><a href=\"http:\/\/www.servervoip.com\/blog\/author\/frank\/\" title=\"Entradas de Franklin Matango\" rel=\"author\">Franklin Matango<\/a><\/span> - <time class=\"updated\" datetime=\"2016-08-19T12:43:02-05:00\">19 agosto, 2016<\/time><\/span><div class=\"cbb-blog-text\">El protocolo Sip actua de forma transparente, permitiendo el mapeo de nombres y  la redirecci\u00f3n de servicios ofreciendo asi la implementaci\u00f3n de <a href=\"http:\/\/www.servervoip.com\/blog\/funciones-sip\/\">[...]<\/a><\/div><\/div><\/div><\/li><li class=\"isotope-blog-item col-md-4 col-sm-6 col-xs-12\"><div class=\"cbb-blog-item\"><div class=\"cbb-blog-item-inner cbb-blog-item-no-image\"><h3 class=\"cbb-blog-title\"><a href=\"http:\/\/www.servervoip.com\/blog\/como-ahorrar-en-la-telefonia-de-tu-empresa\/\">C\u00f3mo ahorrar en la telefon\u00eda de tu empresa<\/a><\/h3><p class=\"byline vcard\">by <span class=\"author\"><a href=\"http:\/\/www.servervoip.com\/blog\/author\/frank\/\" title=\"Entradas de Franklin Matango\" rel=\"author\">Franklin Matango<\/a><\/span> - <time class=\"updated\" datetime=\"2016-08-04T13:35:15-05:00\">4 agosto, 2016<\/time><\/span><div class=\"cbb-blog-text\">Para ahorrar en la telefon\u00eda de la empresa no es necesario disminuir el consumo de minutos que hacemos desde nuestros tel\u00e9fonos. Cambiar de <a href=\"http:\/\/www.servervoip.com\/blog\/como-ahorrar-en-la-telefonia-de-tu-empresa\/\">[...]<\/a><\/div><\/div><\/div><\/li><li class=\"isotope-blog-item col-md-4 col-sm-6 col-xs-12\"><div class=\"cbb-blog-item\"><div class=\"cbb-blog-item-inner cbb-blog-item-no-image\"><h3 class=\"cbb-blog-title\"><a href=\"http:\/\/www.servervoip.com\/blog\/panel-vsr-voipswitch\/\">Panel Web \u00abVSR VoIPSwitch\u00bb para Reseller VoIP 2 y 3<\/a><\/h3><p class=\"byline vcard\">by <span class=\"author\"><a href=\"http:\/\/www.servervoip.com\/blog\/author\/frank\/\" title=\"Entradas de Franklin Matango\" rel=\"author\">Franklin Matango<\/a><\/span> - <time class=\"updated\" datetime=\"2016-04-12T12:03:24-05:00\">12 abril, 2016<\/time><\/span><div class=\"cbb-blog-text\">Un Reseller es aquella persona que en telefon\u00eda por internet (VoIP) trabaja en la distribuci\u00f3n de minutos y puede crear diferentes Paquetes para <a href=\"http:\/\/www.servervoip.com\/blog\/panel-vsr-voipswitch\/\">[...]<\/a><\/div><\/div><\/div><\/li><li class=\"isotope-blog-item col-md-4 col-sm-6 col-xs-12\"><div class=\"cbb-blog-item\"><div class=\"cbb-blog-item-inner cbb-blog-item-no-image\"><h3 class=\"cbb-blog-title\"><a href=\"http:\/\/www.servervoip.com\/blog\/voip-la-nueva-tecnologia-gateways-y-adaptadores-analogicos\/\">VoIP la nueva tecnolog\u00eda Gateways y adaptadores anal\u00f3gicos<\/a><\/h3><p class=\"byline vcard\">by <span class=\"author\"><a href=\"http:\/\/www.servervoip.com\/blog\/author\/frank\/\" title=\"Entradas de Franklin Matango\" rel=\"author\">Franklin Matango<\/a><\/span> - <time class=\"updated\" datetime=\"2016-09-23T08:05:09-05:00\">23 septiembre, 2016<\/time><\/span><div class=\"cbb-blog-text\">Gateways y adaptadores anal\u00f3gicos:  Un adaptador de tel\u00e9fono anal\u00f3gico, normalmente conocido como Analog Telephone Adaptor o ATA, se puede <a href=\"http:\/\/www.servervoip.com\/blog\/voip-la-nueva-tecnologia-gateways-y-adaptadores-analogicos\/\">[...]<\/a><\/div><\/div><\/div><\/li><\/ul><\/div><\/div><\/div><style id=\"style-elm_5c828ba477752\">#elm_5c828ba477752  { margin-top: 0px;margin-right: 0px;margin-bottom: 25px;margin-left: 0px;padding-top: 0px;padding-right: 0px;padding-bottom: 0px;padding-left: 0px;}<\/style><div  id='elm_5c828ba477c5e' class='jsn-bootstrap3 st-element-container clearfix st-element-spacer hidden-xs hidden-sm' ><div style=\"height: 32px\"><span class=\"st_empty_space_inner\"><\/span><\/div><\/div><style id=\"style-elm_5c828ba477c5e\">#elm_5c828ba477c5e  { margin-top: 0px;margin-right: 0px;margin-bottom: 0px;margin-left: 0px;}<\/style>[st_revolutionslider el_title=\u00bb\u00bb alias=\u00bbcapitulo10&#8243; show_info_boxes=\u00bbno\u00bb size=\u00bbcontainer\u00bb slider_info_box_1_heading=\u00bbBox1 Heading\u00bb slider_info_box_1_text=\u00bbLorem ipsum dolor sit amet, consectetur adipisicing elit, sed do eiusmod tempor incididunt ut labore et dolore magna aliqua.\u00bb slider_info_box_1_icon=\u00bbfa fa-star-o\u00bb slider_info_box_2_heading=\u00bbBox2 Heading\u00bb slider_info_box_2_text=\u00bbLorem ipsum dolor sit amet, consectetur adipisicing elit, sed do eiusmod tempor incididunt ut labore et dolore magna aliqua.\u00bb slider_info_box_2_icon=\u00bbfa fa-star-o\u00bb slider_info_box_3_heading=\u00bbBox3 Heading\u00bb slider_info_box_3_text=\u00bbLorem ipsum dolor sit amet, consectetur adipisicing elit, sed do eiusmod tempor incididunt ut labore et dolore magna aliqua.\u00bb slider_info_box_3_icon=\u00bbfa fa-star-o\u00bb div_margin_top=\u00bb0&#8243; div_margin_left=\u00bb0&#8243; div_margin_bottom=\u00bb25&#8243; div_margin_right=\u00bb0&#8243; appearing_animation=\u00bb0&#8243; css_suffix=\u00bb\u00bb id_wrapper=\u00bb\u00bb disabled_el=\u00bbno\u00bb wrapper_padding_top=\u00bb0&#8243; wrapper_padding_left=\u00bb0&#8243; wrapper_padding_bottom=\u00bb0&#8243; wrapper_padding_right=\u00bb0&#8243; wrapper_bg_color=\u00bb\u00bb wrapper_bg_opacity_slider=\u00bb\u00bb wrapper_bg_opacity=\u00bb100&#8243; wrapper_border_top=\u00bb0&#8243; wrapper_border_left=\u00bb0&#8243; wrapper_border_bottom=\u00bb0&#8243; wrapper_border_right=\u00bb0&#8243; wrapper_border_style=\u00bbsolid\u00bb wrapper_border_color=\u00bb\u00bb wrapper_rounded_topleft=\u00bb0&#8243; wrapper_rounded_topright=\u00bb0&#8243; wrapper_rounded_bottomleft=\u00bb0&#8243; wrapper_rounded_bottomright=\u00bb0&#8243; responsive_hide=\u00bbno\u00bb ][\/st_revolutionslider]\n<\/div>\n<\/div><style id=\"style-elm_5c828ba478a62\">#elm_5c828ba478a62  { border-radius: 0px;padding-top: 0px;padding-right: 10px;padding-bottom: 0px;padding-left: 10px;}#elm_5c828ba478a62 > .cbb-bg-overlay { border-radius: 0px;}@media (max-width: 829px) { #elm_5c828ba478a62  { width: 100%;}}<\/style>\n<\/div>\n<\/div>\n<\/div><style id=\"style-elm_5c828ba478abe\">#elm_5c828ba478abe > .row-inner { padding-top: 10px;padding-right: 10px;padding-bottom: 10px;padding-left: 10px;}@media (max-width: 829px) { #elm_5c828ba478abe > .row-inner { padding-top: 0px;padding-right: 0px;padding-bottom: 0px;padding-left: 0px;}}<\/style>\n","protected":false},"excerpt":{"rendered":"","protected":false},"author":1,"featured_media":0,"parent":0,"menu_order":0,"comment_status":"open","ping_status":"open","template":"","meta":[],"aioseo_notices":[],"_links":{"self":[{"href":"http:\/\/www.servervoip.com\/blog\/wp-json\/wp\/v2\/pages\/3379"}],"collection":[{"href":"http:\/\/www.servervoip.com\/blog\/wp-json\/wp\/v2\/pages"}],"about":[{"href":"http:\/\/www.servervoip.com\/blog\/wp-json\/wp\/v2\/types\/page"}],"author":[{"embeddable":true,"href":"http:\/\/www.servervoip.com\/blog\/wp-json\/wp\/v2\/users\/1"}],"replies":[{"embeddable":true,"href":"http:\/\/www.servervoip.com\/blog\/wp-json\/wp\/v2\/comments?post=3379"}],"version-history":[{"count":0,"href":"http:\/\/www.servervoip.com\/blog\/wp-json\/wp\/v2\/pages\/3379\/revisions"}],"wp:attachment":[{"href":"http:\/\/www.servervoip.com\/blog\/wp-json\/wp\/v2\/media?parent=3379"}],"curies":[{"name":"wp","href":"https:\/\/api.w.org\/{rel}","templated":true}]}}